{"id":923,"date":"2025-09-07T19:59:16","date_gmt":"2025-09-07T19:59:16","guid":{"rendered":"https:\/\/www.jcltis.sn\/?page_id=923"},"modified":"2025-09-10T16:56:43","modified_gmt":"2025-09-10T16:56:43","slug":"formulaire-dinscription","status":"publish","type":"page","link":"https:\/\/www.jcltis.sn\/index.php\/formulaire-dinscription\/","title":{"rendered":"FORMULAIRE D&rsquo;INSCRIPTION"},"content":{"rendered":"\t\t<div data-elementor-type=\"wp-page\" data-elementor-id=\"923\" class=\"elementor elementor-923\">\n\t\t\t\t<div class=\"elementor-element elementor-element-9e5e384 e-flex e-con-boxed e-con e-parent\" data-id=\"9e5e384\" data-element_type=\"container\" data-e-type=\"container\">\n\t\t\t\t\t<div class=\"e-con-inner\">\n\t\t\t\t<div class=\"elementor-element elementor-element-0dd95d2 elementor-widget elementor-widget-formidable\" data-id=\"0dd95d2\" data-element_type=\"widget\" data-e-type=\"widget\" data-widget_type=\"formidable.default\">\n\t\t\t\t<div class=\"elementor-widget-container\">\n\t\t\t\t\t<div class=\"frm_forms  with_frm_style frm_style_style-formidable\" id=\"frm_form_3_container\" data-token=\"c762b77b470aa9b2f61377009093d583\">\n<form enctype=\"multipart\/form-data\" method=\"post\" class=\"frm-show-form \" id=\"form_formulaire-dinscription\" data-token=\"c762b77b470aa9b2f61377009093d583\">\n<div class=\"frm_form_fields \">\n<fieldset>\n<legend class=\"frm_screen_reader\">Formulaire d'Inscription<\/legend>\r\n\r\n<div class=\"frm_fields_container\">\n<input type=\"hidden\" name=\"frm_action\" value=\"create\" \/>\n<input type=\"hidden\" name=\"form_id\" value=\"3\" \/>\n<input type=\"hidden\" name=\"frm_hide_fields_3\" id=\"frm_hide_fields_3\" value=\"\" \/>\n<input type=\"hidden\" name=\"form_key\" value=\"formulaire-dinscription\" \/>\n<input type=\"hidden\" name=\"item_meta[0]\" value=\"\" \/>\n<input type=\"hidden\" id=\"frm_submit_entry_3\" name=\"frm_submit_entry_3\" value=\"960314569c\" \/><input type=\"hidden\" name=\"_wp_http_referer\" value=\"\/index.php\/wp-json\/wp\/v2\/pages\/923\" \/><div id=\"frm_field_22_container\" class=\"frm_form_field form-field  frm_top_container\">\r\n\t<div  id=\"field_1zmbm_label\" class=\"frm_primary_label\">Nom\r\n\t\t<span class=\"frm_required\" aria-hidden=\"true\"><\/span>\r\n\t<\/div>\r\n\t<fieldset aria-labelledby=\"field_1zmbm_label\">\n\t<legend class=\"frm_screen_reader frm_hidden\">\n\t\tNom\t<\/legend>\n\n\t<div  class=\"frm_combo_inputs_container\" id=\"frm_combo_inputs_container_22\" data-name-layout=\"first_last\">\n\t\t\t\t\t<div\n\t\t\t\tid=\"frm_field_22-first_container\"\n\t\t\t\tclass=\"frm_form_field form-field frm_form_subfield-first  frm6\"\n\t\t\t\tdata-sub-field-name=\"first\"\n\t\t\t>\n\t\t\t\t<label for=\"field_1zmbm_first\" class=\"frm_screen_reader frm_hidden\">\n\t\t\t\t\tPr\u00e9nom\t\t\t\t<\/label>\n\n\t\t\t\t<input  type=\"text\" id=\"field_1zmbm_first\" value=\"\" name=\"item_meta[22][first]\" autocomplete=\"given-name\" data-invmsg=\"Nom est non valide\" aria-invalid=\"false\"  \/><div class=\"frm_description\" id=\"frm_field_22_first_desc\">Pr\u00e9nom<\/div>\t\t\t<\/div>\n\t\t\t\t\t\t<div\n\t\t\t\tid=\"frm_field_22-last_container\"\n\t\t\t\tclass=\"frm_form_field form-field frm_form_subfield-last  frm6\"\n\t\t\t\tdata-sub-field-name=\"last\"\n\t\t\t>\n\t\t\t\t<label for=\"field_1zmbm_last\" class=\"frm_screen_reader frm_hidden\">\n\t\t\t\t\tNom\t\t\t\t<\/label>\n\n\t\t\t\t<input  type=\"text\" id=\"field_1zmbm_last\" value=\"\" name=\"item_meta[22][last]\" autocomplete=\"family-name\" data-invmsg=\"Nom est non valide\" aria-invalid=\"false\"  \/><div class=\"frm_description\" id=\"frm_field_22_last_desc\">Nom<\/div>\t\t\t<\/div>\n\t\t\t\t<\/div>\n<\/fieldset>\n\r\n\t\r\n\t\r\n<\/div>\n<div id=\"frm_field_23_container\" class=\"frm_form_field form-field  frm_top_container\">\r\n\t<label for=\"field_flfm1\" id=\"field_flfm1_label\" class=\"frm_primary_label\">T\u00e9l\u00e9phone\r\n\t\t<span class=\"frm_required\" aria-hidden=\"true\"><\/span>\r\n\t<\/label>\r\n\t<input type=\"tel\" id=\"field_flfm1\" name=\"item_meta[23]\" value=\"\"  data-invmsg=\"T\u00e9l\u00e9phone est non valide\" aria-invalid=\"false\" pattern=\"((\\+\\d{1,3}(-|.| )?\\(?\\d\\)?(-| |.)?\\d{1,5})|(\\(?\\d{2,6}\\)?))(-|.| )?(\\d{3,4})(-|.| )?(\\d{4})(( x| ext)\\d{1,5}){0,1}$\"  \/>\r\n\t\r\n\t\r\n<\/div>\n<div id=\"frm_field_24_container\" class=\"frm_form_field form-field  frm_top_container\">\r\n\t<label for=\"field_fsk2v\" id=\"field_fsk2v_label\" class=\"frm_primary_label\">E-mail\r\n\t\t<span class=\"frm_required\" aria-hidden=\"true\"><\/span>\r\n\t<\/label>\r\n\t<input type=\"email\" id=\"field_fsk2v\" name=\"item_meta[24]\" value=\"\"  data-invmsg=\"E-mail est non valide\" aria-invalid=\"false\"  \/>\r\n\t\r\n\t\r\n<\/div>\n<div id=\"frm_field_25_container\" class=\"frm_form_field form-field  frm_top_container\">\r\n\t<label for=\"field_mide\" id=\"field_mide_label\" class=\"frm_primary_label\">texte\r\n\t\t<span class=\"frm_required\" aria-hidden=\"true\"><\/span>\r\n\t<\/label>\r\n\t<input type=\"text\" id=\"field_mide\" name=\"item_meta[25]\" value=\"\"  data-invmsg=\"texte est non valide\" aria-invalid=\"false\"  \/>\r\n\t\r\n\t\r\n<\/div>\n<div id=\"frm_field_27_container\" class=\"frm_form_field form-field  frm_top_container vertical_radio\">\r\n\t<label for=\"field_uii6t\" id=\"field_uii6t_label\" class=\"frm_primary_label\">NOS FORMATIONS\r\n\t\t<span class=\"frm_required\" aria-hidden=\"true\"><\/span>\r\n\t<\/label>\r\n\t\t\t<div class=\"frm_checkbox\" id=\"frm_checkbox_27-1\">\t\t\t<label  for=\"field_uii6t-1\">\n\t\t\t<input type=\"checkbox\" name=\"item_meta[27][]\" id=\"field_uii6t-1\" value=\"CPS\/CAP\/BEP\/ Electricit\u00e9\"  data-invmsg=\"NOS FORMATIONS est non valide\"   \/> CPS\/CAP\/BEP\/ Electricit\u00e9<\/label><\/div>\n\t\t<div class=\"frm_checkbox\" id=\"frm_checkbox_27-7\">\t\t\t<label  for=\"field_uii6t-7\">\n\t\t\t<input type=\"checkbox\" name=\"item_meta[27][]\" id=\"field_uii6t-7\" value=\"CPS\/CAP\/BEP Construction M\u00e9tallique\"  data-invmsg=\"NOS FORMATIONS est non valide\"   \/> CPS\/CAP\/BEP Construction M\u00e9tallique<\/label><\/div>\n\t\t<div class=\"frm_checkbox\" id=\"frm_checkbox_27-5\">\t\t\t<label  for=\"field_uii6t-5\">\n\t\t\t<input type=\"checkbox\" name=\"item_meta[27][]\" id=\"field_uii6t-5\" value=\"CAP Habillement\"  data-invmsg=\"NOS FORMATIONS est non valide\"   \/> CAP Habillement<\/label><\/div>\n\t\t<div class=\"frm_checkbox\" id=\"frm_checkbox_27-6\">\t\t\t<label  for=\"field_uii6t-6\">\n\t\t\t<input type=\"checkbox\" name=\"item_meta[27][]\" id=\"field_uii6t-6\" value=\"CPS\/CAP Menuiserie Bois\"  data-invmsg=\"NOS FORMATIONS est non valide\"   \/> CPS\/CAP Menuiserie Bois<\/label><\/div>\n\t\t<div class=\"frm_checkbox\" id=\"frm_checkbox_27-4\">\t\t\t<label  for=\"field_uii6t-4\">\n\t\t\t<input type=\"checkbox\" name=\"item_meta[27][]\" id=\"field_uii6t-4\" value=\"CPS Agr\u00e9ment Soudure Industrielle\"  data-invmsg=\"NOS FORMATIONS est non valide\"   \/> CPS Agr\u00e9ment Soudure Industrielle<\/label><\/div>\n\t\t<div class=\"frm_checkbox\" id=\"frm_checkbox_27-3\">\t\t\t<label  for=\"field_uii6t-3\">\n\t\t\t<input type=\"checkbox\" name=\"item_meta[27][]\" id=\"field_uii6t-3\" value=\"BTS Audiovisuelle\"  data-invmsg=\"NOS FORMATIONS est non valide\"   \/> BTS Audiovisuelle<\/label><\/div>\n\t\t<div class=\"frm_checkbox\" id=\"frm_checkbox_27-8\">\t\t\t<label  for=\"field_uii6t-8\">\n\t\t\t<input type=\"checkbox\" name=\"item_meta[27][]\" id=\"field_uii6t-8\" value=\"CPS Transformation Fruits et L\u00e9gumes et C\u00e9r\u00e9ales\"  data-invmsg=\"NOS FORMATIONS est non valide\"   \/> CPS Transformation Fruits et L\u00e9gumes et C\u00e9r\u00e9ales<\/label><\/div>\n\t\t<div class=\"frm_checkbox\" id=\"frm_checkbox_27-9\">\t\t\t<label  for=\"field_uii6t-9\">\n\t\t\t<input type=\"checkbox\" name=\"item_meta[27][]\" id=\"field_uii6t-9\" value=\"CPS Energie Solaire\"  data-invmsg=\"NOS FORMATIONS est non valide\"   \/> CPS Energie Solaire<\/label><\/div>\n\r\n\t\r\n\t\r\n<\/div>\n<div id=\"frm_field_21_container\" class=\"frm_form_field form-field \">\r\n\t<div class=\"frm_submit frm_flex\">\r\n<button class=\"frm_button_submit\" type=\"submit\"  >Envoyer<\/button>\r\n\r\n\r\n\r\n<\/div>\r\n<\/div>\n\t<input type=\"hidden\" name=\"item_key\" value=\"\" \/>\n\t\t\t<div id=\"frm_field_28_container\">\n\t\t\t<label for=\"field_lp7ms\" >\n\t\t\t\tSi vous \u00eates un humain, ne remplissez pas ce champ.\t\t\t<\/label>\n\t\t\t<input  id=\"field_lp7ms\" type=\"text\" class=\"frm_form_field form-field frm_verify\" name=\"item_meta[28]\" value=\"\"  \/>\n\t\t<\/div>\n\t\t<input name=\"frm_state\" type=\"hidden\" value=\"qeGwZbXXusNhqJHVcrVPWu8rIQ52pou0KyS+KX1TO3s=\" \/><\/div>\n<\/fieldset>\n<\/div>\n\n<\/form>\n<\/div>\n\t\t\t\t<\/div>\n\t\t\t\t<\/div>\n\t\t\t\t\t<\/div>\n\t\t\t\t<\/div>\n\t\t\t\t<\/div>\n\t\t","protected":false},"excerpt":{"rendered":"<p>Formulaire d&rsquo;Inscription Nom Nom Pr\u00e9nom Pr\u00e9nom Nom Nom T\u00e9l\u00e9phone E-mail texte Liste d\u00e9roulante CAP Electricien CAP Habillement BEP Electricien CAP Menuisier fabriquant CAP M\u00e9tallier Envoyer Si vous \u00eates un humain, ne remplissez pas ce champ.<\/p>\n","protected":false},"author":1,"featured_media":0,"parent":0,"menu_order":0,"comment_status":"closed","ping_status":"closed","template":"","meta":{"footnotes":""},"class_list":["post-923","page","type-page","status-publish","hentry"],"blocksy_meta":[],"_links":{"self":[{"href":"https:\/\/www.jcltis.sn\/index.php\/wp-json\/wp\/v2\/pages\/923","targetHints":{"allow":["GET"]}}],"collection":[{"href":"https:\/\/www.jcltis.sn\/index.php\/wp-json\/wp\/v2\/pages"}],"about":[{"href":"https:\/\/www.jcltis.sn\/index.php\/wp-json\/wp\/v2\/types\/page"}],"author":[{"embeddable":true,"href":"https:\/\/www.jcltis.sn\/index.php\/wp-json\/wp\/v2\/users\/1"}],"replies":[{"embeddable":true,"href":"https:\/\/www.jcltis.sn\/index.php\/wp-json\/wp\/v2\/comments?post=923"}],"version-history":[{"count":10,"href":"https:\/\/www.jcltis.sn\/index.php\/wp-json\/wp\/v2\/pages\/923\/revisions"}],"predecessor-version":[{"id":953,"href":"https:\/\/www.jcltis.sn\/index.php\/wp-json\/wp\/v2\/pages\/923\/revisions\/953"}],"wp:attachment":[{"href":"https:\/\/www.jcltis.sn\/index.php\/wp-json\/wp\/v2\/media?parent=923"}],"curies":[{"name":"wp","href":"https:\/\/api.w.org\/{rel}","templated":true}]}}