{"id":492,"date":"2025-06-17T13:36:35","date_gmt":"2025-06-17T13:36:35","guid":{"rendered":"https:\/\/www.jcltis.sn\/?page_id=492"},"modified":"2025-07-24T17:59:45","modified_gmt":"2025-07-24T17:59:45","slug":"le-sejour-des-ruptures","status":"publish","type":"page","link":"https:\/\/www.jcltis.sn\/index.php\/le-sejour-des-ruptures\/","title":{"rendered":"ACTION EDUCATIVE"},"content":{"rendered":"\t\t<div data-elementor-type=\"wp-page\" data-elementor-id=\"492\" class=\"elementor elementor-492\">\n\t\t\t\t<div class=\"elementor-element elementor-element-49a6564 e-flex e-con-boxed e-con e-parent\" data-id=\"49a6564\" data-element_type=\"container\" data-e-type=\"container\">\n\t\t\t\t\t<div class=\"e-con-inner\">\n\t\t\t\t<div class=\"elementor-element elementor-element-6e142b4 elementor-widget elementor-widget-heading\" data-id=\"6e142b4\" data-element_type=\"widget\" data-e-type=\"widget\" data-widget_type=\"heading.default\">\n\t\t\t\t<div class=\"elementor-widget-container\">\n\t\t\t\t\t<h3 class=\"elementor-heading-title elementor-size-default\"><p class=\"MsoNormal\" align=\"center\" style=\"margin-bottom:0cm;text-align:center\"><b><u>LES\nSEJOURS DE RUPTURE &nbsp;CONFIES A &nbsp;JCLTIS &nbsp;&nbsp;AU SENEGAL<\/u><\/b><\/p>\n\n<\/h3>\t\t\t\t<\/div>\n\t\t\t\t<\/div>\n\t\t\t\t\t<\/div>\n\t\t\t\t<\/div>\n\t\t<div class=\"elementor-element elementor-element-dd63ece e-con-full e-flex e-con e-parent\" data-id=\"dd63ece\" data-element_type=\"container\" data-e-type=\"container\">\n\t\t\t\t<div class=\"elementor-element elementor-element-fa2be9e elementor-widget elementor-widget-text-editor\" data-id=\"fa2be9e\" data-element_type=\"widget\" data-e-type=\"widget\" data-widget_type=\"text-editor.default\">\n\t\t\t\t<div class=\"elementor-widget-container\">\n\t\t\t\t\t\t\t\t\t<h6 class=\"p1\">Depuis 2001, notre association travaille dans les s\u00e9jours de rupture utilis\u00e9s comme moyen de prise en charge des jeunes dans la lutte contre la d\u00e9linquance. L\u2019objectif est d\u2019\u00e9loigner les jeunes de leur environnement habituel et de leur confronter \u00e0 des modes de vie tr\u00e8s diff\u00e9rentes mais aussi de permettre aux jeunes de penser \u00e0 leur avenir afin de rentrer avec un projet de vie .Le s\u00e9jour peut durer de 3 \u00e0 6 mois et \u00e0 nos jours notre association en collaboration avec nos partenaires et en particulier le DAD a accueilli<span class=\"Apple-converted-space\">\u00a0 <\/span>\u00e0 ce jour plus de 400 jeunes fran\u00e7ais .Ils sont toujours install\u00e9s dans des lieux proches des h\u00f4pitaux ,des cliniques ,des centres de sant\u00e9 pour pouvoir r\u00e9agir le plus rapidement possible en cas d\u2019urgence .<\/h6>\t\t\t\t\t\t\t\t<\/div>\n\t\t\t\t<\/div>\n\t\t\t\t<\/div>\n\t\t<div class=\"elementor-element elementor-element-a4c78da e-con-full e-flex e-con e-parent\" data-id=\"a4c78da\" data-element_type=\"container\" data-e-type=\"container\">\n\t\t\t\t<div class=\"elementor-element elementor-element-a200ccc elementor-widget__width-initial elementor-widget elementor-widget-video\" data-id=\"a200ccc\" data-element_type=\"widget\" data-e-type=\"widget\" data-settings=\"{&quot;video_type&quot;:&quot;hosted&quot;,&quot;autoplay&quot;:&quot;yes&quot;,&quot;controls&quot;:&quot;yes&quot;}\" data-widget_type=\"video.default\">\n\t\t\t\t<div class=\"elementor-widget-container\">\n\t\t\t\t\t\t\t<div class=\"e-hosted-video elementor-wrapper elementor-open-inline\">\n\t\t\t\t\t<video class=\"elementor-video\" src=\"https:\/\/www.jcltis.sn\/wp-content\/uploads\/2025\/07\/temoignage-jcltis_2.mp4\" autoplay=\"\" controls=\"\" controlsList=\"nodownload\"><\/video>\n\t\t\t\t<\/div>\n\t\t\t\t\t\t<\/div>\n\t\t\t\t<\/div>\n\t\t\t\t<\/div>\n\t\t<div class=\"elementor-element elementor-element-0686680 e-con-full e-flex e-con e-parent\" data-id=\"0686680\" data-element_type=\"container\" data-e-type=\"container\">\n\t\t\t\t<div class=\"elementor-element elementor-element-0e2eea9 elementor-widget elementor-widget-text-editor\" data-id=\"0e2eea9\" data-element_type=\"widget\" data-e-type=\"widget\" data-widget_type=\"text-editor.default\">\n\t\t\t\t<div class=\"elementor-widget-container\">\n\t\t\t\t\t\t\t\t\t<h6><span style=\"text-decoration: underline;\"><span class=\"s1\">D\u00e9roulement du s\u00e9jour du jeune <\/span><\/span><\/h6><h6 class=\"p1\">Dans un premier temps, le partenaire nous envoie le dossier du jeune .Ensuite l\u2019\u00e9quipe \u00e9ducatif se r\u00e9unit pour d\u00e9terminer si l\u2019association est outill\u00e9e pour accueillir le jeune en fonction de son profil .Si l\u2019avis est favorable, d\u00e8s que le jeune est dans nos murs, nous informons l\u2019ambassade de France de la pr\u00e9sence du jeune sur le sol s\u00e9n\u00e9galais. Il faut signaler aussi que le dossier est confidentiel, seule l\u2019\u00e9quipe \u00e9ducative a droit de le consulter.<\/h6><h6 class=\"p1\"><span style=\"text-decoration: underline;\"><span class=\"s1\">L\u2019accueil <\/span><\/span><\/h6><h6 class=\"p1\">Un entretien est fait avec le jeune pour lui souhaiter la bienvenue, puis mettre un cadre et r\u00e9diger le PEI (projet \u00e9ducatif individualis\u00e9) ou les objectifs \u00e0 atteindre et les moyens op\u00e9rationnels sont pr\u00e9cis\u00e9s et sign\u00e9s par le jeune, le partenaire et notre association.<\/h6><h6 class=\"p1\"><span style=\"text-decoration: underline;\"><span class=\"s1\">Placement du jeune<\/span><\/span><\/h6><h6 class=\"p1\">Le jeune a la possibilit\u00e9 d\u2019\u00eatre accueilli par une famille s\u00e9n\u00e9galaise ou d\u2019int\u00e9grer un collectif qui regroupe au minimum 4 jeunes. Chaque jeune \u00e0 un \u00e9ducateur r\u00e9f\u00e9rent.<\/h6><h6 class=\"p1\">Quelle que soit la proposition adopt\u00e9e, nous acceptons la prise de risques avec des gardes fous. Le jeune peut circuler librement parce qu\u2019il y\u2019a le contr\u00f4le communautaire .Presque tous les habitants du village ou du quartier<span class=\"Apple-converted-space\">\u00a0 <\/span>savent le ou la<span class=\"Apple-converted-space\">\u00a0 <\/span>jeune est confi\u00e9e \u00e0 notre association JCLTIS .Il peut rencontrer des gens et<span class=\"Apple-converted-space\">\u00a0 <\/span>d\u00e9couvrir la diff\u00e9rence de culture .La communaut\u00e9 n\u2019h\u00e9sitera de saisir les \u00e9ducateurs ou la famille au cas o\u00f9 le jeune se mettrait en danger ou aurait des fr\u00e9quentations louches.<\/h6><h6 class=\"p1\"><span style=\"text-decoration: underline;\"><span class=\"s1\">L\u2019accueil en communaut\u00e9<\/span><\/span><\/h6><h6 class=\"p1\">Depuis 9 ans, notre association travaille avec un r\u00e9seau de familles s\u00e9n\u00e9galaises pour l\u2019accueil des jeunes en s\u00e9jour de rupture .Aujourd\u2019hui, ce sont des familles biens exp\u00e9riment\u00e9es qui comprennent les objectifs fix\u00e9s pour les jeunes qui leur sont confi\u00e9s. D\u2019embl\u00e9e, le jeune est mis \u00e0 l\u2019aise, parce qu\u2019il est consid\u00e9r\u00e9 comme membre entier<span class=\"Apple-converted-space\">\u00a0 <\/span>de la famille. Il a<span class=\"Apple-converted-space\">\u00a0 <\/span>la possibilit\u00e9 de rebondir, personne ne lui colle d\u2019\u00e9tiquette\u00a0\u00ab\u00a0d\u2019incasable\u00a0\u00bb.<\/h6><h6 class=\"p1\">En famille, le jeune peut d\u00e9couvrir des valeurs telles que l\u2019entre aide, la solidarit\u00e9, le respect du droit d\u2019ainesse\u00a0; le partage, le compromis, le partage d\u2019un repas autour d\u2019un bol. Il a la possibilit\u00e9 de voir aussi des jeunes de son \u00e2ge en situation difficile qui font tout pour s\u2019en sortir avec le syst\u00e8me \u00ab\u00a0D\u00a0\u00bb.Il peut d\u00e9couvrir aussi le d\u00e9roulement d\u2019un mariage d\u2019un bapt\u00eame, vivre des f\u00eates religieuses bas\u00e9es sur l\u2019hospitalit\u00e9 s\u00e9n\u00e9galaise d\u00e9nomm\u00e9e (la T\u00e9ranga) et sur le dialogue islamo-chr\u00e9tien..<\/h6><h6 class=\"p1\"><span style=\"text-decoration: underline;\"><span class=\"s1\">Collectif<\/span><\/span><\/h6><h6 class=\"p1\"><span style=\"font-family: inherit; font-size: inherit; font-style: inherit; font-variant-ligatures: inherit; font-variant-caps: inherit; text-align: var(--text-align); background-color: var(--theme-palette-color-7); color: var(--theme-text-color); letter-spacing: var(--theme-letter-spacing); text-transform: var(--theme-text-transform);\">Pour le collectif, le jeune a la chance d\u2019\u00eatre \u00e0 c\u00f4t\u00e9 du CSE (complexe socio-\u00e9ducatif). L\u2019<\/span><span class=\"Apple-converted-space\" style=\"font-family: inherit; font-size: inherit; font-style: inherit; font-variant-ligatures: inherit; font-variant-caps: inherit; text-align: var(--text-align); background-color: var(--theme-palette-color-7); color: var(--theme-text-color); letter-spacing: var(--theme-letter-spacing); text-transform: var(--theme-text-transform);\">\u00a0 <\/span><span style=\"font-family: inherit; font-size: inherit; font-style: inherit; font-variant-ligatures: inherit; font-variant-caps: inherit; text-align: var(--text-align); background-color: var(--theme-palette-color-7); color: var(--theme-text-color); letter-spacing: var(--theme-letter-spacing); text-transform: var(--theme-text-transform);\">association dispose d\u2019un centre de formation professionnelle dont les fili\u00e8res suivantes sont dispens\u00e9es menuiseries (bois, aluminium et m\u00e9tallique), \u00e9lectricit\u00e9, soudure, le tissage, la teinture, la coiffure, la couture <\/span><span class=\"Apple-converted-space\" style=\"font-family: inherit; font-size: inherit; font-style: inherit; font-variant-ligatures: inherit; font-variant-caps: inherit; text-align: var(--text-align); background-color: var(--theme-palette-color-7); color: var(--theme-text-color); letter-spacing: var(--theme-letter-spacing); text-transform: var(--theme-text-transform);\">\u00a0 <\/span><span style=\"font-family: inherit; font-size: inherit; font-style: inherit; font-variant-ligatures: inherit; font-variant-caps: inherit; text-align: var(--text-align); background-color: var(--theme-palette-color-7); color: var(--theme-text-color); letter-spacing: var(--theme-letter-spacing); text-transform: var(--theme-text-transform);\">. Il peut suivre les cours de fran\u00e7ais et de math qui se d\u00e9roulent dans le centre .L\u2019adolescent peut fr\u00e9quenter aussi le centre en dehors des heures de cours pour discuter avec le personnel ou pour d\u00e9compresser.<\/span><\/h6>\t\t\t\t\t\t\t\t<\/div>\n\t\t\t\t<\/div>\n\t\t\t\t<\/div>\n\t\t\t\t<\/div>\n\t\t","protected":false},"excerpt":{"rendered":"<p>LES SEJOURS DE RUPTURE &nbsp;CONFIES A &nbsp;JCLTIS &nbsp;&nbsp;AU SENEGAL Depuis 2001, notre association travaille dans les s\u00e9jours de rupture utilis\u00e9s comme moyen de prise en charge des jeunes dans la lutte contre la d\u00e9linquance. L\u2019objectif est d\u2019\u00e9loigner les jeunes de leur environnement habituel et de leur confronter \u00e0 des modes de vie tr\u00e8s diff\u00e9rentes mais [&hellip;]<\/p>\n","protected":false},"author":1,"featured_media":0,"parent":0,"menu_order":0,"comment_status":"closed","ping_status":"closed","template":"","meta":{"footnotes":""},"class_list":["post-492","page","type-page","status-publish","hentry"],"blocksy_meta":[],"_links":{"self":[{"href":"https:\/\/www.jcltis.sn\/index.php\/wp-json\/wp\/v2\/pages\/492","targetHints":{"allow":["GET"]}}],"collection":[{"href":"https:\/\/www.jcltis.sn\/index.php\/wp-json\/wp\/v2\/pages"}],"about":[{"href":"https:\/\/www.jcltis.sn\/index.php\/wp-json\/wp\/v2\/types\/page"}],"author":[{"embeddable":true,"href":"https:\/\/www.jcltis.sn\/index.php\/wp-json\/wp\/v2\/users\/1"}],"replies":[{"embeddable":true,"href":"https:\/\/www.jcltis.sn\/index.php\/wp-json\/wp\/v2\/comments?post=492"}],"version-history":[{"count":21,"href":"https:\/\/www.jcltis.sn\/index.php\/wp-json\/wp\/v2\/pages\/492\/revisions"}],"predecessor-version":[{"id":901,"href":"https:\/\/www.jcltis.sn\/index.php\/wp-json\/wp\/v2\/pages\/492\/revisions\/901"}],"wp:attachment":[{"href":"https:\/\/www.jcltis.sn\/index.php\/wp-json\/wp\/v2\/media?parent=492"}],"curies":[{"name":"wp","href":"https:\/\/api.w.org\/{rel}","templated":true}]}}